{"id":4524,"date":"2019-06-12T14:23:34","date_gmt":"2019-06-12T12:23:34","guid":{"rendered":"http:\/\/www.skargardshotellet.se\/cookie-policy\/"},"modified":"2019-06-12T14:23:36","modified_gmt":"2019-06-12T12:23:36","slug":"cookie-policy","status":"publish","type":"page","link":"https:\/\/www.skargardshotellet.se\/en\/cookie-policy\/","title":{"rendered":"Cookie policy"},"content":{"rendered":"<div class=\"fusion-fullwidth fullwidth-box fusion-builder-row-1 nonhundred-percent-fullwidth non-hundred-percent-height-scrolling fusion-equal-height-columns\" style=\"--awb-background-position:left top;--awb-border-radius-top-left:0px;--awb-border-radius-top-right:0px;--awb-border-radius-bottom-right:0px;--awb-border-radius-bottom-left:0px;--awb-padding-top:60px;--awb-padding-right:0px;--awb-padding-bottom:60px;--awb-padding-left:0px;--awb-background-color:#ffffff;--awb-border-sizes-top:0px;--awb-border-sizes-bottom:0px;--awb-flex-wrap:wrap;\" ><div class=\"fusion-builder-row fusion-row\"><div class=\"fusion-layout-column fusion_builder_column fusion-builder-column-0 fusion_builder_column_1_1 1_1 fusion-one-full fusion-column-first fusion-column-last\" style=\"--awb-padding-right:10%;--awb-padding-left:10%;--awb-bg-size:cover;\"><div class=\"fusion-column-wrapper fusion-column-has-shadow fusion-flex-column-wrapper-legacy\"><div class=\"fusion-text fusion-text-1\"><h2 style=\"text-align: center;\">Cookie policy<\/h2>\n<\/div><div class=\"fusion-text fusion-text-2\"><p>At Sk\u00e4rg\u00e5rdshotellet in Nyn\u00e4shamn AB we use cookies on our website. Cookies are small text files that are stored in your browser when you visit our website, whether you are browsing a computer, mobile, tablet or other digital device. We use cookies to make our web-based services easier for you and our other visitors to use. In addition, we use cookies to monitor the traffic on our site and to keep statistics that we can use to continuously develop and improve the content that we present.<\/p>\n<h3>What types of cookies are there?<\/h3>\n<p>Cookies can be described in various ways. Firstly, one can make a difference between cookies based on how long they remain in your browser. There is both:<br \/>\n\u2022 session cookies that are deleted every time you close your browser and<br \/>\n\u2022 permanent cookies stored in your browser for a predetermined period.<\/p>\n<p>Session cookies can be used by a website to remember choices that you have made during your current visit to the website, for example regarding language and booking details for our hotel rooms.<\/p>\n<p>Permanent cookies allow us to remember you and your preferences between your visits, which in turn can make your experience of our site more personal.<\/p>\n<p>It is also possible to make a difference between cookies based on who has placed them on the website. In this context, there are either:<br \/>\n\u2022 first party cookies that have been placed by us (http:\/\/www.skargardshotellet.se) or<br \/>\n\u2022 third-party cookies that have been placed by an external website, a so-called Third Party.<\/p>\n<h3>How we use cookies<\/h3>\n<p>We use cookies in order for you as a visitor to have as good a experience of our website as possible. Some cookies are necessary for you to fully use the site&#8217;s functionality, while others are used to enhance your user experience and facilitate site navigation.<\/p>\n<p>We Sk\u00e4rg\u00e5rdshotellet in Nyn\u00e4shamn AB also uses cookies for evaluating search and user behavior within and outside our website, in order to develop our digital services in the best possible way. The purpose is to optimize the user experience, individualize our marketing and keep statistics.<\/p>\n<h3>What kind of information do we collect through cookies?<\/h3>\n<p>When you visit our website http:\/\/www.skargardshotellet.se, we may automatically collect the following type of information regarding your use of our site:<br \/>\n\u2022 IP address<br \/>\n\u2022 Login Information<br \/>\n\u2022 Time Zone<br \/>\n\u2022 Operating system and platform<br \/>\n\u2022 Information about your visits including the URL that has linked you to our website, your home country, the keywords you used on our site, the response times on the site, download errors, length of visit, and information regarding your interaction with our site (such as scrolling, clicks, mouse movements ).<\/p>\n<h3>Social media and third-party websites<\/h3>\n<p>Our site may occasionally display sharing tools from social media such as Facebook and Instagram. These companies can thereby place cookies on our website. We do not have access to, or control over, these cookies and the information they collect. We therefore recommend that you check these websites for further information on their cookies and how these can be managed.<\/p>\n<h3>How can you block cookies?<\/h3>\n<p>Most browsers allow you to refuse the storage of cookies. You can choose to block certain, or all, cookies on our site by making an active choice among the settings in your browser. For more information about this, we recommend that you click on the help function in your browser&#8217;s menu. If you block our use of cookies then you may find it difficult to access certain parts of our site. Blocking cookies can also lead to certain functions and pages on our site not functioning as usual.<\/p>\n<h3>Questions about our website<\/h3>\n<p>If you have any questions about our use of cookies or any other questions regarding your experience of our website, please contact us.<\/p>\n<h3>Contact<\/h3>\n<p>Marcus Andersson is responsible for the processing of your personal data. If you would like further information on how your personal data is processed, please contact us through a written and personally signed request to:<br \/>\nSk\u00e4rg\u00e5rdshotellet in Nyn\u00e4shamn AB<br \/>\nTo. Marcus Andersson<br \/>\nKaptensgatan 2<br \/>\nSE-149 31 Nyn\u00e4shamn<\/p>\n<p>Please include your name, address, email, number and personal identification number in your letter. An answer will be sent to your public address.<\/p>\n<\/div><div class=\"fusion-clearfix\"><\/div><\/div><\/div><\/div><\/div>\n","protected":false},"excerpt":{"rendered":"","protected":false},"author":1,"featured_media":0,"parent":0,"menu_order":0,"comment_status":"closed","ping_status":"closed","template":"","meta":{"_acf_changed":false,"footnotes":"","_links_to":"","_links_to_target":""},"class_list":["post-4524","page","type-page","status-publish","hentry"],"acf":[],"yoast_head":"<!-- This site is optimized with the Yoast SEO plugin v27.4 - https:\/\/yoast.com\/product\/yoast-seo-wordpress\/ -->\n<title>Cookie policy | Sk\u00e4rdg\u00e5rdshotellet<\/title>\n<meta name=\"robots\" content=\"index, follow, max-snippet:-1, max-image-preview:large, max-video-preview:-1\" \/>\n<link rel=\"canonical\" href=\"https:\/\/www.skargardshotellet.se\/en\/cookie-policy\/\" \/>\n<meta property=\"og:locale\" content=\"en_US\" \/>\n<meta property=\"og:type\" content=\"article\" \/>\n<meta property=\"og:title\" content=\"Cookie policy | Sk\u00e4rdg\u00e5rdshotellet\" \/>\n<meta property=\"og:url\" content=\"https:\/\/www.skargardshotellet.se\/en\/cookie-policy\/\" \/>\n<meta property=\"og:site_name\" content=\"Sk\u00e4rdg\u00e5rdshotellet\" \/>\n<meta property=\"article:modified_time\" content=\"2019-06-12T12:23:36+00:00\" \/>\n<meta name=\"twitter:card\" content=\"summary_large_image\" \/>\n<meta name=\"twitter:label1\" content=\"Est. reading time\" \/>\n\t<meta name=\"twitter:data1\" content=\"5 minutes\" \/>\n<script type=\"application\/ld+json\" class=\"yoast-schema-graph\">{\"@context\":\"https:\\\/\\\/schema.org\",\"@graph\":[{\"@type\":\"WebPage\",\"@id\":\"https:\\\/\\\/www.skargardshotellet.se\\\/en\\\/cookie-policy\\\/\",\"url\":\"https:\\\/\\\/www.skargardshotellet.se\\\/en\\\/cookie-policy\\\/\",\"name\":\"Cookie policy | Sk\u00e4rdg\u00e5rdshotellet\",\"isPartOf\":{\"@id\":\"https:\\\/\\\/www.skargardshotellet.se\\\/#website\"},\"datePublished\":\"2019-06-12T12:23:34+00:00\",\"dateModified\":\"2019-06-12T12:23:36+00:00\",\"breadcrumb\":{\"@id\":\"https:\\\/\\\/www.skargardshotellet.se\\\/en\\\/cookie-policy\\\/#breadcrumb\"},\"inLanguage\":\"en-US\",\"potentialAction\":[{\"@type\":\"ReadAction\",\"target\":[\"https:\\\/\\\/www.skargardshotellet.se\\\/en\\\/cookie-policy\\\/\"]}]},{\"@type\":\"BreadcrumbList\",\"@id\":\"https:\\\/\\\/www.skargardshotellet.se\\\/en\\\/cookie-policy\\\/#breadcrumb\",\"itemListElement\":[{\"@type\":\"ListItem\",\"position\":1,\"name\":\"Hem\",\"item\":\"https:\\\/\\\/www.skargardshotellet.se\\\/en\\\/\"},{\"@type\":\"ListItem\",\"position\":2,\"name\":\"Cookie policy\"}]},{\"@type\":\"WebSite\",\"@id\":\"https:\\\/\\\/www.skargardshotellet.se\\\/#website\",\"url\":\"https:\\\/\\\/www.skargardshotellet.se\\\/\",\"name\":\"Sk\u00e4rdg\u00e5rdshotellet\",\"description\":\"Dr\u00f6mplatsen vid ostkusten f\u00f6r sj\u00f6busar och landkrabbor\",\"potentialAction\":[{\"@type\":\"SearchAction\",\"target\":{\"@type\":\"EntryPoint\",\"urlTemplate\":\"https:\\\/\\\/www.skargardshotellet.se\\\/?s={search_term_string}\"},\"query-input\":{\"@type\":\"PropertyValueSpecification\",\"valueRequired\":true,\"valueName\":\"search_term_string\"}}],\"inLanguage\":\"en-US\"}]}<\/script>\n<!-- \/ Yoast SEO plugin. -->","yoast_head_json":{"title":"Cookie policy | Sk\u00e4rdg\u00e5rdshotellet","robots":{"index":"index","follow":"follow","max-snippet":"max-snippet:-1","max-image-preview":"max-image-preview:large","max-video-preview":"max-video-preview:-1"},"canonical":"https:\/\/www.skargardshotellet.se\/en\/cookie-policy\/","og_locale":"en_US","og_type":"article","og_title":"Cookie policy | Sk\u00e4rdg\u00e5rdshotellet","og_url":"https:\/\/www.skargardshotellet.se\/en\/cookie-policy\/","og_site_name":"Sk\u00e4rdg\u00e5rdshotellet","article_modified_time":"2019-06-12T12:23:36+00:00","twitter_card":"summary_large_image","twitter_misc":{"Est. reading time":"5 minutes"},"schema":{"@context":"https:\/\/schema.org","@graph":[{"@type":"WebPage","@id":"https:\/\/www.skargardshotellet.se\/en\/cookie-policy\/","url":"https:\/\/www.skargardshotellet.se\/en\/cookie-policy\/","name":"Cookie policy | Sk\u00e4rdg\u00e5rdshotellet","isPartOf":{"@id":"https:\/\/www.skargardshotellet.se\/#website"},"datePublished":"2019-06-12T12:23:34+00:00","dateModified":"2019-06-12T12:23:36+00:00","breadcrumb":{"@id":"https:\/\/www.skargardshotellet.se\/en\/cookie-policy\/#breadcrumb"},"inLanguage":"en-US","potentialAction":[{"@type":"ReadAction","target":["https:\/\/www.skargardshotellet.se\/en\/cookie-policy\/"]}]},{"@type":"BreadcrumbList","@id":"https:\/\/www.skargardshotellet.se\/en\/cookie-policy\/#breadcrumb","itemListElement":[{"@type":"ListItem","position":1,"name":"Hem","item":"https:\/\/www.skargardshotellet.se\/en\/"},{"@type":"ListItem","position":2,"name":"Cookie policy"}]},{"@type":"WebSite","@id":"https:\/\/www.skargardshotellet.se\/#website","url":"https:\/\/www.skargardshotellet.se\/","name":"Sk\u00e4rdg\u00e5rdshotellet","description":"Dr\u00f6mplatsen vid ostkusten f\u00f6r sj\u00f6busar och landkrabbor","potentialAction":[{"@type":"SearchAction","target":{"@type":"EntryPoint","urlTemplate":"https:\/\/www.skargardshotellet.se\/?s={search_term_string}"},"query-input":{"@type":"PropertyValueSpecification","valueRequired":true,"valueName":"search_term_string"}}],"inLanguage":"en-US"}]}},"_links":{"self":[{"href":"https:\/\/www.skargardshotellet.se\/en\/wp-json\/wp\/v2\/pages\/4524","targetHints":{"allow":["GET"]}}],"collection":[{"href":"https:\/\/www.skargardshotellet.se\/en\/wp-json\/wp\/v2\/pages"}],"about":[{"href":"https:\/\/www.skargardshotellet.se\/en\/wp-json\/wp\/v2\/types\/page"}],"author":[{"embeddable":true,"href":"https:\/\/www.skargardshotellet.se\/en\/wp-json\/wp\/v2\/users\/1"}],"replies":[{"embeddable":true,"href":"https:\/\/www.skargardshotellet.se\/en\/wp-json\/wp\/v2\/comments?post=4524"}],"version-history":[{"count":1,"href":"https:\/\/www.skargardshotellet.se\/en\/wp-json\/wp\/v2\/pages\/4524\/revisions"}],"predecessor-version":[{"id":4525,"href":"https:\/\/www.skargardshotellet.se\/en\/wp-json\/wp\/v2\/pages\/4524\/revisions\/4525"}],"wp:attachment":[{"href":"https:\/\/www.skargardshotellet.se\/en\/wp-json\/wp\/v2\/media?parent=4524"}],"curies":[{"name":"wp","href":"https:\/\/api.w.org\/{rel}","templated":true}]}}